{"id":818,"date":"2017-07-31T07:56:28","date_gmt":"2017-07-31T07:56:28","guid":{"rendered":"http:\/\/quantum-rx.com\/who-are-we\/"},"modified":"2025-03-18T13:35:06","modified_gmt":"2025-03-18T12:35:06","slug":"who-are-we","status":"publish","type":"page","link":"https:\/\/quantum-rx.com\/en\/who-are-we\/","title":{"rendered":"Who are we ?"},"content":{"rendered":"<div class=\"wpb-content-wrapper\"><p>[vc_section full_width=&#8221;stretch_row&#8221; content_placement=&#8221;middle&#8221; pix_bg_grdient=&#8221;bg-gradient-primary&#8221; pix_scale_in=&#8221;pix-scale-in&#8221; pix_over_visibility=&#8221;&#8221; bottom_divider_select=&#8221;4&#8243; b_has_animation=&#8221;true&#8221; b_1_color=&#8221;#f9f9f9&#8243; b_1_animation=&#8221;fade-in&#8221; b_2_animation=&#8221;fade-in&#8221; b_3_animation=&#8221;fade-in&#8221; pix_overlay_color=&#8221;primary&#8221; css=&#8221;.vc_custom_1617006283887{border-top-width: 150px !important;padding-right: 150px !important;padding-bottom: 400px !important;padding-left: 150px !important;background-image: url(http:\/\/localhost\/wordpress\/wp-content\/uploads\/2021\/03\/Quantum-RX-1.jpg?id=3543) !important;background-position: center !important;background-repeat: no-repeat !important;background-size: cover !important;}&#8221; pix_overlay_opacity=&#8221;0.85&#8243; fade_in_intro=&#8221;3679&#8243;][vc_row full_width=&#8221;stretch_row&#8221; pix_particles_check=&#8221;&#8221;][vc_column content_align=&#8221;text-center&#8221;]<div class=\" text-center  vc_custom_1616159949717\"><h1 class=\"mb-32 pix-sliding-headline font-weight-bold secondary-font display-3\" data-class=\"secondary-font text-white\" data-style=\"\">Quantum RX<\/h1><\/div><div class=\"mb-3 text-center \"><h3 class=\"mb-32 pix-sliding-headline font-weight-bold secondary-font\" data-class=\"secondary-font text-white\" data-style=\"\">Advanced Detection Technologies<\/h3><\/div>[\/vc_column][\/vc_row][\/vc_section][vc_row pix_particles_check=&#8221;&#8221;][vc_column]<div  class=\"text-center  vc_custom_1616424250613\"><div><div class=\"slide-in-container\"><h2 class=\"text-heading-default font-weight-bold animate-in el-title_custom_color mb-12\" style=\"\" data-anim-type=\"fade-in-up\" data-anim-delay=\"0\">About Quantum RX<\/h2><\/div><\/div><\/div>[vc_column_text css=&#8221;.vc_custom_1742300559156{padding-top: 40px !important;}&#8221;]Quantum RX is a French company, specialized in the sale and service of analytical and detection equipment, portable and laboratory.<br \/>\nQuantum-RX&#8217;s mission is to evolve the usual analytical techniques by proposing innovative solutions that allow our customers to be more efficient, or even to answer the needs of control and analysis that did not exist until now.<br \/>\nWe are able to offer turnkey solutions, perfectly adapted to the specific needs of our customers, from the drafting of specifications, the realization of a feasibility study to the implementation of the solution and the training. Many big names in industry and research have already given us their confidence to solve their problems of analysis and quality control.<\/p>\n<p>The Quantum-RX Executive Committee consists of 2 engineers totalizing more than 70 years of experience in portable and laboratory scientific instrumentation.<\/p>\n<ul>\n<li>President\u00a0: <a href=\"https:\/\/www.linkedin.com\/in\/joel-le-chevalier-5952636?lipi=urn%3Ali%3Apage%3Ad_flagship3_profile_view_base_contact_details%3B77TMZ8wsRZ%2BFG3zsAv4GJQ%3D%3D\">Jo\u00ebl Le Chevalier<\/a><\/li>\n<li>Sales Director\u00a0: <a href=\"https:\/\/www.linkedin.com\/in\/alaingec?lipi=urn%3Ali%3Apage%3Ad_flagship3_profile_view_base_contact_details%3BQSwEJne7TB6rsZdZm8LDiA%3D%3D\">Alain Gec<\/a><\/li>\n<\/ul>\n<p>Our teams of highly qualified and experienced engineers are at your disposal to help you in your projects and find the most appropriate analysis or detection solution.<\/p>\n<p>Quantum-RX is a French company, <strong>a subsidiary of the <a href=\"https:\/\/www.htds.fr\/en\/\" target=\"_blank\" rel=\"noopener\">HTDS group<\/a><\/strong> and specialized in the sale and service of portable analysis and detection equipment.<\/p>\n<p><a href=\"https:\/\/www.htds.fr\/en\/our-subsidiaries\/ \" target=\"_blank\" rel=\"noopener\"><img loading=\"lazy\" decoding=\"async\" class=\"aligncenter wp-image-5653 size-full\" src=\"https:\/\/quantum-rx.com\/wp-content\/uploads\/2025\/03\/logo-htds.png\" alt=\"\" width=\"170\" height=\"104\" \/><\/a><\/p>\n<p>Thanks to the many HTDS subsidiaries, we can meet your needs in France and throughout Africa in an efficient and professional way with the support of the strong local HTDS network in place locally. <strong><a href=\"https:\/\/www.htds.fr\/en\/our-subsidiaries\/\" target=\"_blank\" rel=\"noopener\">https:\/\/www.htds.fr\/en\/our-subsidiaries\/<\/a><\/strong><\/p>\n<p>&nbsp;[\/vc_column_text][\/vc_column][\/vc_row][vc_row pix_particles_check=&#8221;&#8221;][vc_column]<div  class=\"text-center  vc_custom_1616424313056\"><div><div class=\"slide-in-container\"><h2 class=\"text-heading-default font-weight-bold animate-in el-title_custom_color mb-12\" style=\"\" data-anim-type=\"fade-in-up\" data-anim-delay=\"0\">Our suppliers<\/h2><\/div><\/div><\/div>[\/vc_column][\/vc_row][vc_section full_width=&#8221;stretch_row&#8221; pix_over_visibility=&#8221;&#8221; css=&#8221;.vc_custom_1592707180783{padding-top: 10px !important;padding-bottom: 10px !important;background-color: #ffffff !important;}&#8221;][vc_row pix_particles_check=&#8221;&#8221;][vc_column content_align=&#8221;text-center&#8221; css=&#8221;.vc_custom_1708341737738{padding-top: 30px !important;padding-bottom: 35px !important;}&#8221; el_class=&#8221;logos-partenaires&#8221;]<div class=\"clients row   vc_custom_1708342160856\"><div class=\"clearfix w-100 col-12\"><\/div><div class=\"col-md col-12 -4 fly-sm text-center client2 d-inline-block2 d-inline-flex client\"><a target=\"_blank\" href=\"https:\/\/www.sciaps.com\" class=\"client2 align-self-center py-3 d-inline-block w-100\" title=\"Sciaps\"><img loading=\"lazy\" decoding=\"async\" src=\"https:\/\/quantum-rx.com\/wp-content\/uploads\/2024\/02\/logo-Sciaps-BLACK-w-red-2022.png\" srcset=\"https:\/\/quantum-rx.com\/wp-content\/uploads\/2024\/02\/logo-Sciaps-BLACK-w-red-2022-300x109.png 300w, https:\/\/quantum-rx.com\/wp-content\/uploads\/2024\/02\/logo-Sciaps-BLACK-w-red-2022-1024x372.png 1024w, https:\/\/quantum-rx.com\/wp-content\/uploads\/2024\/02\/logo-Sciaps-BLACK-w-red-2022-768x279.png 768w, https:\/\/quantum-rx.com\/wp-content\/uploads\/2024\/02\/logo-Sciaps-BLACK-w-red-2022.png 1500w\" sizes=\"auto, (max-width: 1500px) 100vw, 1500px\" width=\"1500\" height=\"545\" class=\"animate-in\" alt=\"Sciaps\" data-anim-type=\"fade-in-up\" data-anim-delay=\"0\"><\/a><\/div><div class=\"col-md col-12 -4 fly-sm text-center client2 d-inline-block2 d-inline-flex client\"><a target=\"_blank\" href=\"#\" class=\"client2 align-self-center py-3 d-inline-block w-100\" title=\"Onscite\"><img loading=\"lazy\" decoding=\"async\" src=\"https:\/\/quantum-rx.com\/wp-content\/uploads\/2021\/03\/onscrite.png\" srcset=\"https:\/\/quantum-rx.com\/wp-content\/uploads\/2021\/03\/onscrite-300x171.png 300w, https:\/\/quantum-rx.com\/wp-content\/uploads\/2021\/03\/onscrite.png 600w\" sizes=\"auto, (max-width: 600px) 100vw, 600px\" width=\"600\" height=\"341\" class=\"animate-in\" alt=\"Onscite\" data-anim-type=\"fade-in-up\" data-anim-delay=\"200\"><\/a><\/div><div class=\"col-md col-12 -4 fly-sm text-center client2 d-inline-block2 d-inline-flex client\"><a target=\"_blank\" href=\"https:\/\/www.belec.de\" class=\"client2 align-self-center py-3 d-inline-block w-100\" title=\"Belec\"><img loading=\"lazy\" decoding=\"async\" src=\"https:\/\/quantum-rx.com\/wp-content\/uploads\/2021\/03\/Belec.png\" srcset=\"https:\/\/quantum-rx.com\/wp-content\/uploads\/2021\/03\/Belec-300x90.png 300w, https:\/\/quantum-rx.com\/wp-content\/uploads\/2021\/03\/Belec.png 422w\" sizes=\"auto, (max-width: 422px) 100vw, 422px\" width=\"422\" height=\"127\" class=\"animate-in\" alt=\"Belec\" data-anim-type=\"fade-in-up\" data-anim-delay=\"400\"><\/a><\/div><div class=\"col-md col-12 -4 fly-sm text-center client2 d-inline-block2 d-inline-flex client\"><a target=\"_blank\" href=\"https:\/\/www.premierlabsupply.com\" class=\"client2 align-self-center py-3 d-inline-block w-100\" title=\"Premier Lab Supply\"><img loading=\"lazy\" decoding=\"async\" src=\"https:\/\/quantum-rx.com\/wp-content\/uploads\/2021\/03\/Premier-Lab-Supply.jpg\" srcset=\"https:\/\/quantum-rx.com\/wp-content\/uploads\/2021\/03\/Premier-Lab-Supply-300x67.jpg 300w, https:\/\/quantum-rx.com\/wp-content\/uploads\/2021\/03\/Premier-Lab-Supply.jpg 400w\" sizes=\"auto, (max-width: 400px) 100vw, 400px\" width=\"400\" height=\"89\" class=\"animate-in\" alt=\"Premier Lab Supply\" data-anim-type=\"fade-in-up\" data-anim-delay=\"600\"><\/a><\/div><div class=\"clearfix w-100 col-12\"><\/div><div class=\"col-md col-12 -4 fly-sm text-center client2 d-inline-block2 d-inline-flex client\"><a target=\"_blank\" href=\"https:\/\/examinart.com\/\" class=\"client2 align-self-center py-3 d-inline-block w-100\" title=\"examinart\"><img loading=\"lazy\" decoding=\"async\" src=\"https:\/\/quantum-rx.com\/wp-content\/uploads\/2024\/02\/logo-examinart-noir-1.svg\" width=\"1\" height=\"1\" class=\"animate-in\" alt=\"examinart\" data-anim-type=\"fade-in-up\" data-anim-delay=\"800\"><\/a><\/div><div class=\"col-md col-12 -4 fly-sm text-center client2 d-inline-block2 d-inline-flex client\"><a target=\"_blank\" href=\"https:\/\/www.ablatom.com\/en\/\" class=\"client2 align-self-center py-3 d-inline-block w-100\" title=\"Ablatom\"><img loading=\"lazy\" decoding=\"async\" src=\"https:\/\/quantum-rx.com\/wp-content\/uploads\/2024\/02\/logo-Ablatom.png\" srcset=\"https:\/\/quantum-rx.com\/wp-content\/uploads\/2024\/02\/logo-Ablatom-300x169.png 300w, https:\/\/quantum-rx.com\/wp-content\/uploads\/2024\/02\/logo-Ablatom-1024x577.png 1024w, https:\/\/quantum-rx.com\/wp-content\/uploads\/2024\/02\/logo-Ablatom-768x433.png 768w, https:\/\/quantum-rx.com\/wp-content\/uploads\/2024\/02\/logo-Ablatom-1536x865.png 1536w, https:\/\/quantum-rx.com\/wp-content\/uploads\/2024\/02\/logo-Ablatom-2048x1153.png 2048w, https:\/\/quantum-rx.com\/wp-content\/uploads\/2024\/02\/logo-Ablatom-1920x1080.png 1920w\" sizes=\"auto, (max-width: 2722px) 100vw, 2722px\" width=\"2722\" height=\"1533\" class=\"animate-in\" alt=\"Ablatom\" data-anim-type=\"fade-in-up\" data-anim-delay=\"1000\"><\/a><\/div><div class=\"col-md col-12 -4 fly-sm text-center client2 d-inline-block2 d-inline-flex client\"><a target=\"_blank\" href=\"https:\/\/www.ingen-geosciences.com\/en\/home\/\" class=\"client2 align-self-center py-3 d-inline-block w-100\" title=\"Ingen\"><img loading=\"lazy\" decoding=\"async\" src=\"https:\/\/quantum-rx.com\/wp-content\/uploads\/2024\/02\/logo-ingen.png\" srcset=\"https:\/\/quantum-rx.com\/wp-content\/uploads\/2024\/02\/logo-ingen-300x155.png 300w, https:\/\/quantum-rx.com\/wp-content\/uploads\/2024\/02\/logo-ingen.png 419w\" sizes=\"auto, (max-width: 419px) 100vw, 419px\" width=\"419\" height=\"216\" class=\"animate-in\" alt=\"Ingen\" data-anim-type=\"fade-in-up\" data-anim-delay=\"1200\"><\/a><\/div><div class=\"col-md col-12 -4 fly-sm text-center client2 d-inline-block2 d-inline-flex client\"><a target=\"_blank\" href=\"https:\/\/meffalab.com\/\" class=\"client2 align-self-center py-3 d-inline-block w-100\" title=\"Meffa Lab\"><img loading=\"lazy\" decoding=\"async\" src=\"https:\/\/quantum-rx.com\/wp-content\/uploads\/2024\/02\/logo-Meffa.jpg\" srcset=\"https:\/\/quantum-rx.com\/wp-content\/uploads\/2024\/02\/logo-Meffa-300x74.jpg 300w, https:\/\/quantum-rx.com\/wp-content\/uploads\/2024\/02\/logo-Meffa-1024x251.jpg 1024w, https:\/\/quantum-rx.com\/wp-content\/uploads\/2024\/02\/logo-Meffa-768x189.jpg 768w, https:\/\/quantum-rx.com\/wp-content\/uploads\/2024\/02\/logo-Meffa-1536x377.jpg 1536w, https:\/\/quantum-rx.com\/wp-content\/uploads\/2024\/02\/logo-Meffa.jpg 1866w\" sizes=\"auto, (max-width: 1866px) 100vw, 1866px\" width=\"1866\" height=\"458\" class=\"animate-in\" alt=\"Meffa Lab\" data-anim-type=\"fade-in-up\" data-anim-delay=\"1400\"><\/a><\/div><\/div>\n[\/vc_column][\/vc_row][\/vc_section][vc_row pix_particles_check=&#8221;&#8221;][vc_column][vc_column_text][\/vc_column_text][\/vc_column][\/vc_row][vc_row pix_particles_check=&#8221;&#8221;][vc_column]<div  class=\"text-center  vc_custom_1617006456477\"><div><div class=\"slide-in-container\"><h2 class=\"text-heading-default font-weight-bold animate-in el-title_custom_color mb-12\" style=\"\" data-anim-type=\"fade-in-up\" data-anim-delay=\"0\">References<\/h2><\/div><\/div><\/div>[\/vc_column][\/vc_row][vc_row pix_particles_check=&#8221;&#8221;][vc_column][vc_column_text css=&#8221;&#8221; el_elemnt_style_colors=&#8221;{&#8216;text_color&#8217;:&#8221;,&#8217;link_color&#8217;:&#8221;}&#8221; el_uid=&#8221;597ede4896b8e&#8221;]They trust us (Extract from our references) :<\/p>\n<div class=\"wpb_text_column wpb_content_element\">\n<div class=\"wpb_wrapper\">\n<ul>\n<li>ANTHOGYR<\/li>\n<li>AUBERT &amp; DUVAL<\/li>\n<li>APAVE<\/li>\n<li>ARCELORMITTAL<\/li>\n<li>AXEL\u2019ONE<\/li>\n<li>BODYCOTE<\/li>\n<li>BRGM<\/li>\n<li>BUREAU VERITAS<\/li>\n<li>CEA CADARACHE<\/li>\n<li>CEA GRENOBLE<\/li>\n<li>CEA LE RIPAULT<\/li>\n<li>CEA SACLAY<\/li>\n<li>CEREGE<\/li>\n<li>CETIM<\/li>\n<li>CNRS<\/li>\n<li>COMMISSARIAT A L\u2019\u00c9NERGIE ATOMIQUE (CGEA)<\/li>\n<li>CONSTELLIUM<\/li>\n<li>DERICHEBOURG<\/li>\n<li>EDF<\/li>\n<li>EDF DTG<\/li>\n<li>EDF HYDRO<\/li>\n<li>ELG FERINOX<\/li>\n<li>ETHOPIAN PUBLIC HEALTH INSTITUT (EPHI)<\/li>\n<li>EPUR<\/li>\n<li>EXCELLENCE LOGGING (EXLOG)<\/li>\n<li>ERAMET<\/li>\n<li>EUROCAST<\/li>\n<li>FOURE LAGADEC<\/li>\n<li>FRAMATOME<\/li>\n<li>GECAMINES<\/li>\n<li>GROUPE CHIMIQUE TUNISIEN (GCT)<\/li>\n<li>HERAEUS<\/li>\n<li>IMERYS<\/li>\n<li>INSTITUT FRAN\u00c7AIS D\u2019ARCH\u00c9OLOGIE du CAIRE<\/li>\n<li>INGEN<\/li>\n<li>INRA<\/li>\n<li>INRS<\/li>\n<li>INSTITUT MAX PLANCK<\/li>\n<li>INSTITUT DE SOUDURE<\/li>\n<li>INSTITUT LAUE LANGEVIN<\/li>\n<li>INTERTEK<\/li>\n<li>KSB<\/li>\n<li>KNORR-BREMSE<\/li>\n<li>LRMH (LABORATOIRE de RECHERCHE des MONUMENTS HISTORIQUES)<\/li>\n<li>MONTEIRO<\/li>\n<li>NAVAL GROUP<\/li>\n<li>NOVA INSPECTION<\/li>\n<li>OFFICE BURUNDAIS DES MINES ET CARRI\u00c8RES (OBM)<\/li>\n<li>OFFICE CH\u00c9RIFIEN DES PHOSPHATES (OCP)<\/li>\n<li>OFFICE CONGOLAIS DE CONTR\u00d4LE (OCC)<\/li>\n<li>OFFICE NATIONAL DES HYDROCARBURES ET DES MINES (ONHYM)<\/li>\n<li>ORANO<\/li>\n<li>OWENS CORNING<\/li>\n<li>PARIS SAINT DENIS AERO (PSD)<\/li>\n<li>PRAXY<\/li>\n<li>PURSUIT AEROSPACE<\/li>\n<li>RIVA GROUP<\/li>\n<li>ROBINSON INTERNATIONAL AFRIQUE<\/li>\n<li>QUIRI<\/li>\n<li>SAFRAN<\/li>\n<li>SARA<\/li>\n<li>SAULAS<\/li>\n<li>SCHNEIDER ELECTRIC<\/li>\n<li>SELECTARC<\/li>\n<li>SOCI\u00c9T\u00c9 NATIONALE INDUSTRIELLE ET MINI\u00c8RE (SNIM)<\/li>\n<li>SGS<\/li>\n<li>SNCF<\/li>\n<li>SOLVAY<\/li>\n<li>SONATRACH<\/li>\n<li>SUEZ<\/li>\n<li>THYSSENKRUPP<\/li>\n<li>TITEFLEX<\/li>\n<li>UNIVERSIT\u00c9 DE BEJAIA<\/li>\n<li>UNIVERSIT\u00c9 DE BORDEAUX<\/li>\n<li>UNIVERSIT\u00c9 DE BOURGOGNE FRANCHE-COMT\u00c9<\/li>\n<li>UNIVERSIT\u00c9 DE LI\u00c8GE<\/li>\n<li>UNIVERSIT\u00c9 DE LORRAINE<\/li>\n<li>UNIVERSIT\u00c9 DE LYON<\/li>\n<li>UNIVERSIT\u00c9 MOHAMMED VI POLYTECHNIQUE (UM6P)<\/li>\n<li>UNIVERSIT\u00c9 DE MONS<\/li>\n<li>UNIVERSIT\u00c9 DE PAU<\/li>\n<li>UNIVERSIT\u00c9 DE ROUEN<\/li>\n<li>VALLOUREC<\/li>\n<li>VEOLIA<\/li>\n<\/ul>\n<\/div>\n<\/div>\n<p>[\/vc_column_text][\/vc_column][\/vc_row]<\/p>\n<\/div>","protected":false},"excerpt":{"rendered":"[vc_section full_width=&#8221;stretch_row&#8221; content_placement=&#8221;middle&#8221; pix_bg_grdient=&#8221;bg-gradient-primary&#8221; pix_scale_in=&#8221;pix-scale-in&#8221; pix_over_visibility=&#8221;&#8221; bottom_divider_select=&#8221;4&#8243; b_has_animation=&#8221;true&#8221; b_1_color=&#8221;#f9f9f9&#8243; b_1_animation=&#8221;fade-in&#8221; b_2_animation=&#8221;fade-in&#8221; b_3_animation=&#8221;fade-in&#8221; pix_overlay_color=&#8221;primary&#8221; css=&#8221;.vc_custom_1617006283887{border-top-width: 150px !important;padding-right: 150px !important;padding-bottom: 400px !important;padding-left: 150px !important;background-image: url(http:\/\/localhost\/wordpress\/wp-content\/uploads\/2021\/03\/Quantum-RX-1.jpg?id=3543) !important;background-position: center !important;background-repeat: no-repeat !important;background-size: cover !important;}&#8221; pix_overlay_opacity=&#8221;0.85&#8243; fade_in_intro=&#8221;3679&#8243;][vc_row full_width=&#8221;stretch_row&#8221; pix_particles_check=&#8221;&#8221;][vc_column content_align=&#8221;text-center&#8221;][\/vc_column][\/vc_row][\/vc_section][vc_row pix_particles_check=&#8221;&#8221;][vc_column][vc_column_text css=&#8221;.vc_custom_1742300559156{padding-top: 40px !important;}&#8221;]Quantum RX&#8230;","protected":false},"author":1,"featured_media":0,"parent":0,"menu_order":0,"comment_status":"closed","ping_status":"closed","template":"","meta":{"om_disable_all_campaigns":false,"inline_featured_image":false,"_monsterinsights_skip_tracking":false,"_monsterinsights_sitenote_active":false,"_monsterinsights_sitenote_note":"","_monsterinsights_sitenote_category":0,"footnotes":""},"class_list":["post-818","page","type-page","status-publish","hentry"],"yoast_head":"<!-- This site is optimized with the Yoast SEO plugin v27.3 - https:\/\/yoast.com\/product\/yoast-seo-wordpress\/ -->\n<title>Who are we ? - Quantum-Rx<\/title>\n<meta name=\"description\" content=\"Quantum RX is a French company, specialized in the sale and service of analytical and detection equipment, portable and laboratory.\" \/>\n<meta name=\"robots\" content=\"index, follow, max-snippet:-1, max-image-preview:large, max-video-preview:-1\" \/>\n<link rel=\"canonical\" href=\"https:\/\/quantum-rx.com\/en\/who-are-we\/\" \/>\n<meta property=\"og:locale\" content=\"en_US\" \/>\n<meta property=\"og:type\" content=\"article\" \/>\n<meta property=\"og:title\" content=\"Who are we ? - Quantum-Rx\" \/>\n<meta property=\"og:description\" content=\"Quantum RX is a French company, specialized in the sale and service of analytical and detection equipment, portable and laboratory.\" \/>\n<meta property=\"og:url\" content=\"https:\/\/quantum-rx.com\/en\/who-are-we\/\" \/>\n<meta property=\"og:site_name\" content=\"Quantum-Rx\" \/>\n<meta property=\"article:modified_time\" content=\"2025-03-18T12:35:06+00:00\" \/>\n<meta property=\"og:image\" content=\"https:\/\/quantum-rx.com\/wp-content\/uploads\/2025\/03\/logo-htds.png\" \/>\n\t<meta property=\"og:image:width\" content=\"170\" \/>\n\t<meta property=\"og:image:height\" content=\"104\" \/>\n\t<meta property=\"og:image:type\" content=\"image\/png\" \/>\n<meta name=\"twitter:card\" content=\"summary_large_image\" \/>\n<script type=\"application\/ld+json\" class=\"yoast-schema-graph\">{\"@context\":\"https:\\\/\\\/schema.org\",\"@graph\":[{\"@type\":\"WebPage\",\"@id\":\"https:\\\/\\\/quantum-rx.com\\\/en\\\/who-are-we\\\/\",\"url\":\"https:\\\/\\\/quantum-rx.com\\\/en\\\/who-are-we\\\/\",\"name\":\"Who are we ? - Quantum-Rx\",\"isPartOf\":{\"@id\":\"https:\\\/\\\/quantum-rx.com\\\/en\\\/#website\"},\"primaryImageOfPage\":{\"@id\":\"https:\\\/\\\/quantum-rx.com\\\/en\\\/who-are-we\\\/#primaryimage\"},\"image\":{\"@id\":\"https:\\\/\\\/quantum-rx.com\\\/en\\\/who-are-we\\\/#primaryimage\"},\"thumbnailUrl\":\"https:\\\/\\\/quantum-rx.com\\\/wp-content\\\/uploads\\\/2025\\\/03\\\/logo-htds.png\",\"datePublished\":\"2017-07-31T07:56:28+00:00\",\"dateModified\":\"2025-03-18T12:35:06+00:00\",\"description\":\"Quantum RX is a French company, specialized in the sale and service of analytical and detection equipment, portable and laboratory.\",\"breadcrumb\":{\"@id\":\"https:\\\/\\\/quantum-rx.com\\\/en\\\/who-are-we\\\/#breadcrumb\"},\"inLanguage\":\"en-US\",\"potentialAction\":[{\"@type\":\"ReadAction\",\"target\":[\"https:\\\/\\\/quantum-rx.com\\\/en\\\/who-are-we\\\/\"]}]},{\"@type\":\"ImageObject\",\"inLanguage\":\"en-US\",\"@id\":\"https:\\\/\\\/quantum-rx.com\\\/en\\\/who-are-we\\\/#primaryimage\",\"url\":\"https:\\\/\\\/quantum-rx.com\\\/wp-content\\\/uploads\\\/2025\\\/03\\\/logo-htds.png\",\"contentUrl\":\"https:\\\/\\\/quantum-rx.com\\\/wp-content\\\/uploads\\\/2025\\\/03\\\/logo-htds.png\"},{\"@type\":\"BreadcrumbList\",\"@id\":\"https:\\\/\\\/quantum-rx.com\\\/en\\\/who-are-we\\\/#breadcrumb\",\"itemListElement\":[{\"@type\":\"ListItem\",\"position\":1,\"name\":\"Accueil\",\"item\":\"https:\\\/\\\/quantum-rx.com\\\/en\\\/\"},{\"@type\":\"ListItem\",\"position\":2,\"name\":\"Who are we ?\"}]},{\"@type\":\"WebSite\",\"@id\":\"https:\\\/\\\/quantum-rx.com\\\/en\\\/#website\",\"url\":\"https:\\\/\\\/quantum-rx.com\\\/en\\\/\",\"name\":\"Quantum-RX\",\"description\":\"Advanced Detection Technologies\",\"publisher\":{\"@id\":\"https:\\\/\\\/quantum-rx.com\\\/en\\\/#organization\"},\"potentialAction\":[{\"@type\":\"SearchAction\",\"target\":{\"@type\":\"EntryPoint\",\"urlTemplate\":\"https:\\\/\\\/quantum-rx.com\\\/en\\\/?s={search_term_string}\"},\"query-input\":{\"@type\":\"PropertyValueSpecification\",\"valueRequired\":true,\"valueName\":\"search_term_string\"}}],\"inLanguage\":\"en-US\"},{\"@type\":\"Organization\",\"@id\":\"https:\\\/\\\/quantum-rx.com\\\/en\\\/#organization\",\"name\":\"Quantum-RX\",\"url\":\"https:\\\/\\\/quantum-rx.com\\\/en\\\/\",\"logo\":{\"@type\":\"ImageObject\",\"inLanguage\":\"en-US\",\"@id\":\"https:\\\/\\\/quantum-rx.com\\\/en\\\/#\\\/schema\\\/logo\\\/image\\\/\",\"url\":\"https:\\\/\\\/quantum-rx.com\\\/wp-content\\\/uploads\\\/2024\\\/02\\\/logo-quantum-rx.svg\",\"contentUrl\":\"https:\\\/\\\/quantum-rx.com\\\/wp-content\\\/uploads\\\/2024\\\/02\\\/logo-quantum-rx.svg\",\"caption\":\"Quantum-RX\"},\"image\":{\"@id\":\"https:\\\/\\\/quantum-rx.com\\\/en\\\/#\\\/schema\\\/logo\\\/image\\\/\"}}]}<\/script>\n<!-- \/ Yoast SEO plugin. -->","yoast_head_json":{"title":"Who are we ? - Quantum-Rx","description":"Quantum RX is a French company, specialized in the sale and service of analytical and detection equipment, portable and laboratory.","robots":{"index":"index","follow":"follow","max-snippet":"max-snippet:-1","max-image-preview":"max-image-preview:large","max-video-preview":"max-video-preview:-1"},"canonical":"https:\/\/quantum-rx.com\/en\/who-are-we\/","og_locale":"en_US","og_type":"article","og_title":"Who are we ? - Quantum-Rx","og_description":"Quantum RX is a French company, specialized in the sale and service of analytical and detection equipment, portable and laboratory.","og_url":"https:\/\/quantum-rx.com\/en\/who-are-we\/","og_site_name":"Quantum-Rx","article_modified_time":"2025-03-18T12:35:06+00:00","og_image":[{"width":170,"height":104,"url":"https:\/\/quantum-rx.com\/wp-content\/uploads\/2025\/03\/logo-htds.png","type":"image\/png"}],"twitter_card":"summary_large_image","schema":{"@context":"https:\/\/schema.org","@graph":[{"@type":"WebPage","@id":"https:\/\/quantum-rx.com\/en\/who-are-we\/","url":"https:\/\/quantum-rx.com\/en\/who-are-we\/","name":"Who are we ? - Quantum-Rx","isPartOf":{"@id":"https:\/\/quantum-rx.com\/en\/#website"},"primaryImageOfPage":{"@id":"https:\/\/quantum-rx.com\/en\/who-are-we\/#primaryimage"},"image":{"@id":"https:\/\/quantum-rx.com\/en\/who-are-we\/#primaryimage"},"thumbnailUrl":"https:\/\/quantum-rx.com\/wp-content\/uploads\/2025\/03\/logo-htds.png","datePublished":"2017-07-31T07:56:28+00:00","dateModified":"2025-03-18T12:35:06+00:00","description":"Quantum RX is a French company, specialized in the sale and service of analytical and detection equipment, portable and laboratory.","breadcrumb":{"@id":"https:\/\/quantum-rx.com\/en\/who-are-we\/#breadcrumb"},"inLanguage":"en-US","potentialAction":[{"@type":"ReadAction","target":["https:\/\/quantum-rx.com\/en\/who-are-we\/"]}]},{"@type":"ImageObject","inLanguage":"en-US","@id":"https:\/\/quantum-rx.com\/en\/who-are-we\/#primaryimage","url":"https:\/\/quantum-rx.com\/wp-content\/uploads\/2025\/03\/logo-htds.png","contentUrl":"https:\/\/quantum-rx.com\/wp-content\/uploads\/2025\/03\/logo-htds.png"},{"@type":"BreadcrumbList","@id":"https:\/\/quantum-rx.com\/en\/who-are-we\/#breadcrumb","itemListElement":[{"@type":"ListItem","position":1,"name":"Accueil","item":"https:\/\/quantum-rx.com\/en\/"},{"@type":"ListItem","position":2,"name":"Who are we ?"}]},{"@type":"WebSite","@id":"https:\/\/quantum-rx.com\/en\/#website","url":"https:\/\/quantum-rx.com\/en\/","name":"Quantum-RX","description":"Advanced Detection Technologies","publisher":{"@id":"https:\/\/quantum-rx.com\/en\/#organization"},"potentialAction":[{"@type":"SearchAction","target":{"@type":"EntryPoint","urlTemplate":"https:\/\/quantum-rx.com\/en\/?s={search_term_string}"},"query-input":{"@type":"PropertyValueSpecification","valueRequired":true,"valueName":"search_term_string"}}],"inLanguage":"en-US"},{"@type":"Organization","@id":"https:\/\/quantum-rx.com\/en\/#organization","name":"Quantum-RX","url":"https:\/\/quantum-rx.com\/en\/","logo":{"@type":"ImageObject","inLanguage":"en-US","@id":"https:\/\/quantum-rx.com\/en\/#\/schema\/logo\/image\/","url":"https:\/\/quantum-rx.com\/wp-content\/uploads\/2024\/02\/logo-quantum-rx.svg","contentUrl":"https:\/\/quantum-rx.com\/wp-content\/uploads\/2024\/02\/logo-quantum-rx.svg","caption":"Quantum-RX"},"image":{"@id":"https:\/\/quantum-rx.com\/en\/#\/schema\/logo\/image\/"}}]}},"_links":{"self":[{"href":"https:\/\/quantum-rx.com\/en\/wp-json\/wp\/v2\/pages\/818","targetHints":{"allow":["GET"]}}],"collection":[{"href":"https:\/\/quantum-rx.com\/en\/wp-json\/wp\/v2\/pages"}],"about":[{"href":"https:\/\/quantum-rx.com\/en\/wp-json\/wp\/v2\/types\/page"}],"author":[{"embeddable":true,"href":"https:\/\/quantum-rx.com\/en\/wp-json\/wp\/v2\/users\/1"}],"replies":[{"embeddable":true,"href":"https:\/\/quantum-rx.com\/en\/wp-json\/wp\/v2\/comments?post=818"}],"version-history":[{"count":4,"href":"https:\/\/quantum-rx.com\/en\/wp-json\/wp\/v2\/pages\/818\/revisions"}],"predecessor-version":[{"id":5937,"href":"https:\/\/quantum-rx.com\/en\/wp-json\/wp\/v2\/pages\/818\/revisions\/5937"}],"wp:attachment":[{"href":"https:\/\/quantum-rx.com\/en\/wp-json\/wp\/v2\/media?parent=818"}],"curies":[{"name":"wp","href":"https:\/\/api.w.org\/{rel}","templated":true}]}}